{"id":206,"date":"2023-11-21T10:52:06","date_gmt":"2023-11-21T10:52:06","guid":{"rendered":"https:\/\/promedico.es\/?page_id=206"},"modified":"2024-03-14T09:19:35","modified_gmt":"2024-03-14T09:19:35","slug":"enlaces","status":"publish","type":"page","link":"https:\/\/promedico.es\/?page_id=206","title":{"rendered":"Enlaces"},"content":{"rendered":"\n<p><strong>\u00datiles<\/strong><\/p>\n\n\n\n<p><a href=\"http:\/\/abufacil.blogspot.com\/search\/label\/Trucos%20y%20utilidades\" data-type=\"link\" data-id=\"http:\/\/abufacil.blogspot.com\/search\/label\/Trucos%20y%20utilidades\" target=\"_blank\" rel=\"noreferrer noopener\">Abu-F\u00e1cil<\/a><\/p>\n\n\n\n<p><a href=\"https:\/\/portal.guiasalud.es\/gpc\/?_sfm_wpcf-estado=1\" data-type=\"link\" data-id=\"https:\/\/portal.guiasalud.es\/gpc\/?_sfm_wpcf-estado=1\" target=\"_blank\" rel=\"noreferrer noopener\">Cat\u00e1logo de Gu\u00edas de Pr\u00e1ctica Cl\u00ednica en el Sistema Nacional de Salud&nbsp;<\/a><\/p>\n\n\n\n<p><a href=\"https:\/\/1aria.com\/sections\/ayudaRapida\/AyudaRapida.aspx\" data-type=\"link\" data-id=\"https:\/\/1aria.com\/sections\/ayudaRapida\/AyudaRapida.aspx\" target=\"_blank\" rel=\"noreferrer noopener\">1aria.com<\/a><\/p>\n\n\n\n<p><a href=\"https:\/\/amfsemfyc.wordpress.com\/\" data-type=\"link\" data-id=\"https:\/\/amfsemfyc.wordpress.com\/\" target=\"_blank\" rel=\"noreferrer noopener\">\u00bfQu\u00e9 se cuece?<\/a><\/p>\n\n\n\n<p><a href=\"https:\/\/www.labtestsonline.es\/\" data-type=\"link\" data-id=\"https:\/\/www.labtestsonline.es\/\" target=\"_blank\" rel=\"noreferrer noopener\">Labtestsonline<\/a><\/p>\n\n\n\n<p><a href=\"https:\/\/www.wolterskluwer.com\/en\/solutions\/uptodate\/about\/evidence-based-medicine\/specialties#4\" data-type=\"link\" data-id=\"https:\/\/www.wolterskluwer.com\/en\/solutions\/uptodate\/about\/evidence-based-medicine\/specialties#4\" target=\"_blank\" rel=\"noreferrer noopener\">Specialties UpToDate Wolters Kluwer<\/a><\/p>\n\n\n\n<p><strong>Instituciones<\/strong><\/p>\n\n\n\n<p><a href=\"https:\/\/sovamfic.net\/\" data-type=\"link\" data-id=\"https:\/\/sovamfic.net\/\">Societat Valenciana de Medicina Familiar i Comunit\u00e0ria<\/a><\/p>\n\n\n\n<p><a href=\"https:\/\/www.comv.es\/\">Ilustre Colegio Oficial de M\u00e9dicos de Valencia<\/a><\/p>\n\n\n\n<p><a href=\"https:\/\/www.cgcom.es\/\" target=\"_blank\" rel=\"noreferrer noopener\">Consejo General de Colegios Oficiales de Medicos<\/a><\/p>\n\n\n\n<p><a href=\"https:\/\/www.facebook.com\/cecova\" data-type=\"link\" data-id=\"https:\/\/www.facebook.com\/cecova\" target=\"_blank\" rel=\"noreferrer noopener\">Consejo de Enfermer\u00eda de la Comunidad Valenciana (CECOVA<\/a><strong><a href=\"https:\/\/www.facebook.com\/cecova\" data-type=\"link\" data-id=\"https:\/\/www.facebook.com\/cecova\">)<\/a><\/strong><\/p>\n\n\n\n<p><a href=\"https:\/\/www.uv.es\/mediodont\" data-type=\"link\" data-id=\"https:\/\/www.uv.es\/mediodont\" target=\"_blank\" rel=\"noreferrer noopener\">Facultat de Medicina i Odontologia<\/a><\/p>\n\n\n\n<p><a href=\"https:\/\/www.imeval.org\/\" data-type=\"link\" data-id=\"https:\/\/www.imeval.org\/\" target=\"_blank\" rel=\"noreferrer noopener\">Instituto M\u00e9dico Valenciano<\/a><\/p>\n\n\n\n<p><a href=\"https:\/\/www.svmpaliativa.org\/\" data-type=\"link\" data-id=\"https:\/\/www.svmpaliativa.org\/\" target=\"_blank\" rel=\"noreferrer noopener\">Sociedad Valenciana de Medicina Paliativa<\/a><\/p>\n\n\n\n<p><a href=\"https:\/\/svreumatologia.es\/\" data-type=\"link\" data-id=\"https:\/\/svreumatologia.es\/\" target=\"_blank\" rel=\"noreferrer noopener\">Sociedad Valenciana de Reumatolog\u00eda<\/a><\/p>\n\n\n\n<p><a href=\"https:\/\/eves.san.gva.es\/ca\/\" data-type=\"link\" data-id=\"https:\/\/eves.san.gva.es\/ca\/\" target=\"_blank\" rel=\"noreferrer noopener\">Escola Valenciana d&#8217;Estudis de la Salut<\/a><\/p>\n\n\n\n<p><a href=\"https:\/\/semergen.es\/\" data-type=\"link\" data-id=\"https:\/\/semergen.es\/\">SEMERGEN<\/a><\/p>\n\n\n\n<p><a href=\"https:\/\/www.semfyc.es\/medicos\/\" data-type=\"link\" data-id=\"https:\/\/www.semfyc.es\/medicos\/\" target=\"_blank\" rel=\"noreferrer noopener\">SEMFYC<\/a><\/p>\n\n\n\n<p><a href=\"https:\/\/www.semg.es\/\" data-type=\"link\" data-id=\"https:\/\/www.semg.es\/\" target=\"_blank\" rel=\"noreferrer noopener\">SEMG<\/a><\/p>\n\n\n\n<p><a href=\"https:\/\/www.agamfec.com\/\" data-type=\"link\" data-id=\"https:\/\/www.agamfec.com\/\" target=\"_blank\" rel=\"noreferrer noopener\">AGAMFEG<\/a><\/p>\n\n\n\n<p><a href=\"https:\/\/reap.es\/\" data-type=\"link\" data-id=\"https:\/\/reap.es\/\" target=\"_blank\" rel=\"noreferrer noopener\">REAP<\/a><\/p>\n\n\n\n<p><a href=\"http:\/\/www.aemir.org\/\" data-type=\"link\" data-id=\"http:\/\/www.aemir.org\/\" target=\"_blank\" rel=\"noreferrer noopener\">AEMIR<\/a><\/p>\n\n\n\n<p><a href=\"https:\/\/www.woncaeurope.org\/\" data-type=\"link\" data-id=\"https:\/\/www.woncaeurope.org\/\" target=\"_blank\" rel=\"noreferrer noopener\">WONCA<\/a><\/p>\n\n\n\n<p><a href=\"https:\/\/www.rcgp.org.uk\/\" data-type=\"link\" data-id=\"https:\/\/www.rcgp.org.uk\/\" target=\"_blank\" rel=\"noreferrer noopener\">RCGP<\/a><\/p>\n\n\n\n<p><a href=\"https:\/\/www.bfr.bund.de\/en\/home.html\" data-type=\"link\" data-id=\"https:\/\/www.bfr.bund.de\/en\/home.html\" target=\"_blank\" rel=\"noreferrer noopener\">BfR German Federal Institute for Risk Assessment&nbsp;<\/a><\/p>\n\n\n\n<p><a href=\"https:\/\/eyfdm.eu\/\" data-type=\"link\" data-id=\"https:\/\/eyfdm.eu\/\" target=\"_blank\" rel=\"noreferrer noopener\">EYFDM<\/a><\/p>\n\n\n\n<p><strong>Publicaciones<\/strong><\/p>\n\n\n\n<p><a href=\"https:\/\/www.facebook.com\/bmjdotcom\" data-type=\"link\" data-id=\"https:\/\/www.facebook.com\/bmjdotcom\">British Medical Journal<\/a><\/p>\n\n\n\n<p><a href=\"https:\/\/bjgp.org\/\" data-type=\"link\" data-id=\"https:\/\/bjgp.org\/\">British Journal of General Practice<\/a><\/p>\n\n\n\n<p><a href=\"https:\/\/www.facebook.com\/OUPMedicine\/\" data-type=\"link\" data-id=\"https:\/\/www.facebook.com\/OUPMedicine\/\">Oxford Medicine<\/a><\/p>\n\n\n\n<p><a href=\"https:\/\/www.ncbi.nlm.nih.gov\/pmc\/\" data-type=\"link\" data-id=\"https:\/\/www.ncbi.nlm.nih.gov\/pmc\/\">PubMed Central<\/a><\/p>\n\n\n\n<p><a href=\"https:\/\/www.springer.com\/gp\/biomedical-sciences\" data-type=\"link\" data-id=\"https:\/\/www.springer.com\/gp\/biomedical-sciences\">Springer Biomedical Sciences<\/a><\/p>\n\n\n\n<p><a href=\"https:\/\/www.springer.com\/journal\/11524\" data-type=\"link\" data-id=\"https:\/\/www.springer.com\/journal\/11524\">Journal of Urban Health<\/a><\/p>\n\n\n\n<p><a href=\"https:\/\/journals.plos.org\/plosmedicine\/\" data-type=\"link\" data-id=\"https:\/\/journals.plos.org\/plosmedicine\/\">PLOS Medicine<\/a><\/p>\n\n\n\n<p><a href=\"https:\/\/www.sciencedirect.com\/journal\/the-american-journal-of-the-medical-sciences\" data-type=\"link\" data-id=\"https:\/\/www.sciencedirect.com\/journal\/the-american-journal-of-the-medical-sciences\">The American Journal of the Medical Sciences<\/a><\/p>\n\n\n\n<p><a href=\"https:\/\/www.amjmed.com\/\" data-type=\"link\" data-id=\"https:\/\/www.amjmed.com\/\">The American Journal of Medicine<\/a><\/p>\n\n\n\n<p><a href=\"https:\/\/academic.oup.com\/fampra?login=false\" data-type=\"link\" data-id=\"https:\/\/academic.oup.com\/fampra?login=false\">Family Prcatice<\/a><\/p>\n\n\n\n<p><a href=\"https:\/\/www.tandfonline.com\/journals\/igen20\" data-type=\"link\" data-id=\"https:\/\/www.tandfonline.com\/journals\/igen20\">European Journal of General Practice<\/a><\/p>\n\n\n\n<p><a href=\"https:\/\/www.diariomedico.com\/farmacia.html\" data-type=\"link\" data-id=\"https:\/\/www.diariomedico.com\/farmacia.html\">Correo Farmaceutico<\/a><\/p>\n\n\n\n<p><a href=\"https:\/\/www.diariomedico.com\/\">Diario M\u00e9dico<\/a><\/p>\n\n\n\n<p><a href=\"https:\/\/www.elsevier.es\/es-revista-atencion-primaria-27\" data-type=\"link\" data-id=\"https:\/\/www.elsevier.es\/es-revista-atencion-primaria-27\">Atenci\u00f3n Primaria<\/a><\/p>\n\n\n\n<p><a href=\"https:\/\/www.elsevier.es\/es-revista-semergen-medicina-general--familia-40\" data-type=\"link\" data-id=\"https:\/\/www.elsevier.es\/es-revista-semergen-medicina-general--familia-40\">Medicina de Familia &#8211; SEMERGEN<\/a><\/p>\n\n\n\n<p><a href=\"https:\/\/www.amf-semfyc.com\/es\/web\" data-type=\"link\" data-id=\"https:\/\/www.amf-semfyc.com\/es\/web\">Actualizaci\u00f3n en Medicina de Familia<\/a><\/p>\n\n\n\n<p><a href=\"https:\/\/www.revistafml.es\/\" data-type=\"link\" data-id=\"https:\/\/www.revistafml.es\/\">Revista de Medicina de familia y Atenci\u00f3n Primaria<\/a><\/p>\n\n\n\n<p><a href=\"https:\/\/www.facebook.com\/BioMedCentral\" data-type=\"link\" data-id=\"https:\/\/www.facebook.com\/BioMedCentral\">Biomed Central<\/a><\/p>\n\n\n\n<p><a href=\"https:\/\/bmcpublichealth.biomedcentral.com\/\" data-type=\"link\" data-id=\"https:\/\/bmcpublichealth.biomedcentral.com\/\">BMC Public Health<\/a><\/p>\n\n\n\n<p><a href=\"https:\/\/www.radiologycases.com\/index.php\/radiologycases\/index\" data-type=\"link\" data-id=\"https:\/\/www.radiologycases.com\/index.php\/radiologycases\/index\">Journal of Radiology Case Reports<\/a><\/p>\n\n\n\n<p><strong>Recursos generales<\/strong><\/p>\n\n\n\n<p><a href=\"https:\/\/eurohealthobservatory.who.int\/home\">European Observatory on Health Systems<\/a><\/p>\n\n\n\n<p><a href=\"https:\/\/www.ncbi.nlm.nih.gov\/books\" data-type=\"link\" data-id=\"https:\/\/www.ncbi.nlm.nih.gov\/books\" target=\"_blank\" rel=\"noreferrer noopener\">National Library of Medicine. Bookshelf<\/a><\/p>\n\n\n\n<p><a href=\"https:\/\/www.merckmanuals.com\/professional?redirectid=24?ruleredirectid=30\" data-type=\"link\" data-id=\"https:\/\/www.merckmanuals.com\/professional?redirectid=24?ruleredirectid=30\">Merck Manual<\/a><\/p>\n\n\n\n<p><a href=\"https:\/\/www.uv.es\/~docmed\/documed\/documed.html\" data-type=\"link\" data-id=\"https:\/\/www.uv.es\/~docmed\/documed\/documed.html\" target=\"_blank\" rel=\"noreferrer noopener\">DOCUMED<\/a><\/p>\n\n\n\n<p><a href=\"https:\/\/www.fisterra.com\/index.asp\" data-type=\"link\" data-id=\"https:\/\/www.fisterra.com\/index.asp\" target=\"_blank\" rel=\"noreferrer noopener\">Fisterra<\/a><\/p>\n\n\n\n<p><\/p>\n\n\n\n<p><strong>Investigaci\u00f3n<\/strong><\/p>\n\n\n\n<p><a href=\"https:\/\/ci2b.webs.upv.es\/publicaciones-cientificas\/\" data-type=\"link\" data-id=\"https:\/\/ci2b.webs.upv.es\/publicaciones-cientificas\/\" target=\"_blank\" rel=\"noreferrer noopener\">Ci2B<\/a><\/p>\n\n\n\n<p><a href=\"http:\/\/fisabio.san.gva.es\/inicio\" target=\"_blank\" rel=\"noreferrer noopener\">Fundaci\u00f3 Fisabio<\/a><\/p>\n\n\n\n<p>&nbsp;<a href=\"https:\/\/www.imi.europa.eu\/\" target=\"_blank\" rel=\"noreferrer noopener\">Innovative Medicines Initiative<\/a><\/p>\n\n\n\n<p><a href=\"https:\/\/www.iislafe.es\/es\/el-iis-la-fe\/\" data-type=\"link\" data-id=\"https:\/\/www.iislafe.es\/es\/el-iis-la-fe\/\" target=\"_blank\" rel=\"noreferrer noopener\">IIS La Fe<\/a><\/p>\n\n\n\n<p><a href=\"https:\/\/fihgu.general-valencia.san.gva.es\/inicio\">Fundaci\u00f3n de Investigaci\u00f3n del Hospital General de Valencia<\/a><\/p>\n\n\n\n<p><a href=\"https:\/\/www.incliva.es\/?lang=es\" data-type=\"link\" data-id=\"https:\/\/www.incliva.es\/?lang=es\" target=\"_blank\" rel=\"noreferrer noopener\">INCLIVA<\/a><\/p>\n\n\n\n<p><a href=\"https:\/\/www.isciii.es\/Paginas\/Inicio.aspx\" data-type=\"link\" data-id=\"https:\/\/www.isciii.es\/Paginas\/Inicio.aspx\" target=\"_blank\" rel=\"noreferrer noopener\">&nbsp;Instituto de Salud Carlos III<\/a><\/p>\n\n\n\n<p><a href=\"https:\/\/www.nlm.nih.gov\/portals\/researchers.html\" target=\"_blank\" rel=\"noreferrer noopener\">National Library of Medicine<\/a><\/p>\n\n\n\n<p><strong>Estad\u00edstica<\/strong><\/p>\n\n\n\n<p><a href=\"https:\/\/digital.nhs.uk\/search?sort=date&amp;area=data&amp;searchTab=data&amp;contentSearch=false\">NHS Digital<\/a><\/p>\n\n\n\n<p><a href=\"https:\/\/www.sanidad.gob.es\/estadEstudios\/home.htm\" data-type=\"link\" data-id=\"https:\/\/www.sanidad.gob.es\/estadEstudios\/home.htm\" target=\"_blank\" rel=\"noreferrer noopener\">Sanidad en datos<\/a><\/p>\n\n\n\n<p><a href=\"http:\/\/Observatori del Sistema de Salut de Catalunya\" target=\"_blank\" rel=\"noreferrer noopener\">Observatori del Sistema de Salut de Catalunya<\/a><\/p>\n\n\n\n<p><a href=\"https:\/\/inclasns.sanidad.gob.es\/\" data-type=\"link\" data-id=\"https:\/\/inclasns.sanidad.gob.es\/\" target=\"_blank\" rel=\"noreferrer noopener\">Indicadores Claves Sistema nacional de Salud<\/a><\/p>\n\n\n\n<p><\/p>\n\n\n\n<p><strong>Blogs<\/strong><\/p>\n\n\n\n<p><a href=\"https:\/\/blogs.biomedcentral.com\/bmcseriesblog\/\" target=\"_blank\" rel=\"noreferrer noopener\">BMC Series blog<\/a><\/p>\n\n\n\n<p><a href=\"https:\/\/futureoffamilymedicine.blogspot.com\/\" target=\"_blank\" rel=\"noreferrer noopener\">Future of Family Medicine<\/a><\/p>\n\n\n\n<p><a href=\"https:\/\/afpjournal.blogspot.com\/\" target=\"_blank\" rel=\"noreferrer noopener\">American Family Physician<\/a><\/p>\n\n\n\n<p><a href=\"https:\/\/educationinmedicine2.blogspot.com\/\" target=\"_blank\" rel=\"noreferrer noopener\">A Journey to Family Medicine<\/a><\/p>\n\n\n\n<p><a href=\"https:\/\/www.aafp.org\/news\/blogs\/leadervoices.html\" data-type=\"link\" data-id=\"https:\/\/www.aafp.org\/news\/blogs\/leadervoices.html\" target=\"_blank\" rel=\"noreferrer noopener\">Leader Voices Blog<\/a><\/p>\n\n\n\n<p><a href=\"http:\/\/commonsensemd.blogspot.com\/\" target=\"_blank\" rel=\"noreferrer noopener\">Common Sense Family Doctor<\/a><\/p>\n\n\n\n<p><a href=\"https:\/\/ecg-interpretation.blogspot.com\/\" data-type=\"link\" data-id=\"https:\/\/ecg-interpretation.blogspot.com\/\" target=\"_blank\" rel=\"noreferrer noopener\">My ECG Interpretation Blog<\/a><\/p>\n\n\n\n<p><a href=\"https:\/\/casesblog.blogspot.com\/\" target=\"_blank\" rel=\"noreferrer noopener\">CasesBlog &#8211; Medical and Health Blog<\/a><\/p>\n\n\n\n<p><a href=\"https:\/\/corregir-medicina.blogspot.com\/\" target=\"_blank\" rel=\"noreferrer noopener\">Corregir medicina<\/a><\/p>\n\n\n\n<p><a href=\"https:\/\/authenticmedicine.com\/\">Authentic Medicine<\/a><\/p>\n\n\n\n<p><a href=\"https:\/\/blogs.bmj.com\/#all-blogs\" target=\"_blank\" rel=\"noreferrer noopener\">BMJ Blogs<\/a><\/p>\n\n\n\n<p><a href=\"https:\/\/margaretmccartney.com\/\" target=\"_blank\" rel=\"noreferrer noopener\">Margaret McCartney\u00b4s Blog<\/a><\/p>\n\n\n\n<p><a href=\"http:\/\/observatics.blogspot.com\/\" target=\"_blank\" rel=\"noreferrer noopener\">Observa TICs<\/a><\/p>\n\n\n\n<p><strong>Art\u00edculos generales sobre el sistema sanitario<\/strong><\/p>\n\n\n\n<p><a href=\"https:\/\/www.alimente.elconfidencial.com\/bienestar\/2023-02-10\/entrevista-decano-medicina-complutense-javier-arias_3572601\/\" data-type=\"link\" data-id=\"https:\/\/www.alimente.elconfidencial.com\/bienestar\/2023-02-10\/entrevista-decano-medicina-complutense-javier-arias_3572601\/\" target=\"_blank\" rel=\"noreferrer noopener\">El decano de Medicina de la Complutense te cuenta por qu\u00e9 formar m\u00e1s m\u00e9dicos no soluciona el problema<\/a><\/p>\n\n\n\n<p><a href=\"https:\/\/www.alimente.elconfidencial.com\/bienestar\/2023-03-06\/falla-el-enfoque-no-faltan-medicos-pero-no-estos_3586341\/\" data-type=\"link\" data-id=\"https:\/\/www.alimente.elconfidencial.com\/bienestar\/2023-03-06\/falla-el-enfoque-no-faltan-medicos-pero-no-estos_3586341\/\" target=\"_blank\" rel=\"noreferrer noopener\">Falla el enfoque: lo que falta para el futuro de la sanidad no son m\u00e9dicos<\/a><\/p>\n\n\n\n<p><\/p>\n\n\n\n<p><\/p>\n","protected":false},"excerpt":{"rendered":"<p>\u00datiles Abu-F\u00e1cil Cat\u00e1logo de Gu\u00edas de Pr\u00e1ctica Cl\u00ednica en el Sistema Nacional de Salud&nbsp; 1aria.com \u00bfQu\u00e9 se cuece? Labtestsonline Specialties UpToDate Wolters Kluwer Instituciones Societat Valenciana de Medicina Familiar i&hellip;<\/p>\n","protected":false},"author":2,"featured_media":0,"parent":0,"menu_order":0,"comment_status":"closed","ping_status":"closed","template":"","meta":{"footnotes":""},"class_list":["post-206","page","type-page","status-publish","hentry"],"_links":{"self":[{"href":"https:\/\/promedico.es\/index.php?rest_route=\/wp\/v2\/pages\/206","targetHints":{"allow":["GET"]}}],"collection":[{"href":"https:\/\/promedico.es\/index.php?rest_route=\/wp\/v2\/pages"}],"about":[{"href":"https:\/\/promedico.es\/index.php?rest_route=\/wp\/v2\/types\/page"}],"author":[{"embeddable":true,"href":"https:\/\/promedico.es\/index.php?rest_route=\/wp\/v2\/users\/2"}],"replies":[{"embeddable":true,"href":"https:\/\/promedico.es\/index.php?rest_route=%2Fwp%2Fv2%2Fcomments&post=206"}],"version-history":[{"count":13,"href":"https:\/\/promedico.es\/index.php?rest_route=\/wp\/v2\/pages\/206\/revisions"}],"predecessor-version":[{"id":276,"href":"https:\/\/promedico.es\/index.php?rest_route=\/wp\/v2\/pages\/206\/revisions\/276"}],"wp:attachment":[{"href":"https:\/\/promedico.es\/index.php?rest_route=%2Fwp%2Fv2%2Fmedia&parent=206"}],"curies":[{"name":"wp","href":"https:\/\/api.w.org\/{rel}","templated":true}]}}