{"id":2,"date":"2023-11-20T08:20:11","date_gmt":"2023-11-20T08:20:11","guid":{"rendered":"https:\/\/promedico.es\/?page_id=2"},"modified":"2023-11-20T21:00:52","modified_gmt":"2023-11-20T21:00:52","slug":"sample-page","status":"publish","type":"page","link":"https:\/\/promedico.es\/?page_id=2","title":{"rendered":"Sobre m\u00ed"},"content":{"rendered":"\n<p>Hola:<\/p>\n\n\n\n<figure class=\"wp-block-image size-full is-resized\"><img loading=\"lazy\" decoding=\"async\" width=\"188\" height=\"222\" src=\"https:\/\/promedico.es\/wp-content\/uploads\/2023\/11\/daniela-florentina-pruteanu.png\" alt=\"\" class=\"wp-image-11\" style=\"width:82px;height:auto\"\/><\/figure>\n\n\n\n<p>Soy Daniela Florentina, m\u00e9dico de familia. Esta web es sobre mi actividad profesional y recoge informaci\u00f3n relacionada con la pr\u00e1ctica de la medicina y la investigaci\u00f3n m\u00e9dica, sobre todo en la atenci\u00f3n primaria. Las profesiones de salud requieren un aprendizaje continuo. Para adaptarnos a los nuevos escenarios asistenciales necesitamos una actualizaci\u00f3n permanente de las competencias y las habilidades profesionales.<\/p>\n\n\n\n<p>Promedico es una web personal con fines de documentaci\u00f3n. La informaci\u00f3n publicada en esta web se dirige a los profesionales, siendo precisa una formaci\u00f3n especializada para interpretarla correctamente.<\/p>\n\n\n\n<figure class=\"wp-block-image size-full\"><img loading=\"lazy\" decoding=\"async\" width=\"71\" height=\"43\" src=\"https:\/\/promedico.es\/wp-content\/uploads\/2023\/11\/flory3.png\" alt=\"\" class=\"wp-image-14\"\/><\/figure>\n","protected":false},"excerpt":{"rendered":"<p>Hola: Soy Daniela Florentina, m\u00e9dico de familia. Esta web es sobre mi actividad profesional y recoge informaci\u00f3n relacionada con la pr\u00e1ctica de la medicina y la investigaci\u00f3n m\u00e9dica, sobre todo&hellip;<\/p>\n","protected":false},"author":2,"featured_media":0,"parent":0,"menu_order":0,"comment_status":"closed","ping_status":"open","template":"","meta":{"footnotes":""},"class_list":["post-2","page","type-page","status-publish","hentry"],"_links":{"self":[{"href":"https:\/\/promedico.es\/index.php?rest_route=\/wp\/v2\/pages\/2","targetHints":{"allow":["GET"]}}],"collection":[{"href":"https:\/\/promedico.es\/index.php?rest_route=\/wp\/v2\/pages"}],"about":[{"href":"https:\/\/promedico.es\/index.php?rest_route=\/wp\/v2\/types\/page"}],"author":[{"embeddable":true,"href":"https:\/\/promedico.es\/index.php?rest_route=\/wp\/v2\/users\/2"}],"replies":[{"embeddable":true,"href":"https:\/\/promedico.es\/index.php?rest_route=%2Fwp%2Fv2%2Fcomments&post=2"}],"version-history":[{"count":5,"href":"https:\/\/promedico.es\/index.php?rest_route=\/wp\/v2\/pages\/2\/revisions"}],"predecessor-version":[{"id":81,"href":"https:\/\/promedico.es\/index.php?rest_route=\/wp\/v2\/pages\/2\/revisions\/81"}],"wp:attachment":[{"href":"https:\/\/promedico.es\/index.php?rest_route=%2Fwp%2Fv2%2Fmedia&parent=2"}],"curies":[{"name":"wp","href":"https:\/\/api.w.org\/{rel}","templated":true}]}}