{"id":182,"date":"2023-11-20T23:20:27","date_gmt":"2023-11-20T23:20:27","guid":{"rendered":"https:\/\/promedico.es\/?page_id=182"},"modified":"2023-11-20T23:20:27","modified_gmt":"2023-11-20T23:20:27","slug":"perspectivas-actuales-sobre-la-maternidad-en-rumania","status":"publish","type":"page","link":"https:\/\/promedico.es\/?page_id=182","title":{"rendered":"Perspectivas actuales sobre la maternidad en Ruman\u00eda"},"content":{"rendered":"\n<p>RESUMEN<\/p>\n\n\n\n<p>Del proyecto de fin de master titulado Perspectivas actuales sobre la maternidad en Ruman\u00eda<\/p>\n\n\n\n<p>El tema que he elegido para este proyecto se ha relacionado mucho tiempo con mis rotatorios de formaci\u00f3n y pr\u00e1ctica m\u00e9dica, pero la asistencia a los cursos de master de la Facultad de Sociolog\u00eda y Trabajo Social en la Universidad de Bucarest me ha abierto otras perspectivas y por tanto, un enfoque m\u00e1s amplio de este tema ocurri\u00f3 como una etapa natural de evoluci\u00f3n.<\/p>\n\n\n\n<p>La problem\u00e1tica de la maternidad en general y de la mujer embarazada en particular es muy compleja, representando el resultado de una multitud de factores sociales, demogr\u00e1ficos, culturales, m\u00e9dicos e institucionales que act\u00faan concomitantemente y ejercitan influencias directas o indirectas sobre la evoluci\u00f3n del fen\u00f3meno.<\/p>\n\n\n\n<p>El presente proyecto propone un an\u00e1lisis de algunos aspectos relacionados con la maternidad en Ruman\u00eda, teniendo en cuenta el paso de la pol\u00edtica pronatalista del r\u00e9gimen comunista a la pol\u00edtica neutralista del periodo de transici\u00f3n hacia la econom\u00eda de tipo capitalista. Inmediatamente despu\u00e9s de los eventos de 1989, la medida legislativa m\u00e1s importante en este dominio ha sido la liberalizaci\u00f3n del aborto, sin que esta medida est\u00e9 acompa\u00f1ada por una preocupaci\u00f3n intensa de prevenci\u00f3n de sus consecuencias. En los \u00faltimos a\u00f1os, debido a la disminuci\u00f3n dram\u00e1tica de los \u00edndices demogr\u00e1ficos de natalidad y fertilidad ha aparecido tambi\u00e9n la necesidad de fomentar y apoyar el crecimiento demogr\u00e1fico a trav\u00e9s de las pol\u00edticas sociales, por lo dem\u00e1s bastante t\u00edmidas, pero correlacionadas con las posibilidades econ\u00f3micas actuales de Ruman\u00eda. Los aspectos legales relacionados con la evoluci\u00f3n de los \u00edndices demogr\u00e1ficos, con las iniciativas legales y con las implicaciones socio-m\u00e9dicas de la maternidad en Ruman\u00eda est\u00e1n tambi\u00e9n incluidos en este proyecto como cap\u00edtulos distintos, pero sin pretender ser un enfoque exhaustivo del tema.<\/p>\n\n\n\n<p>Cada cap\u00edtulo expone sucesivamente un cierto tipo de perspectiva sobre la maternidad, la actitud p\u00fablica al respecto, as\u00ed como opiniones personales, conclusiones y recomendaciones.<\/p>\n\n\n\n<p>Quiero agradecer a todos los que me han apoyado en la realizaci\u00f3n de este trabajo, sobre todo a la coordinadora de este proyecto, la Profesora Maria Voinea, y al personal de las instituciones que me han puesto a disposici\u00f3n los materiales informativos necesarios: El Instituto Nacional de Investigaci\u00f3n y Desarrollo en la Salud, El Centro de C\u00e1lculo, Estad\u00edstica Sanitaria y Documentaci\u00f3n M\u00e9dica, La Direcci\u00f3n de Salud P\u00fablica, El Instituto \u201eAlfred Rusescu\u201d para la Protecci\u00f3n de la Madre y del Ni\u00f1o, La Sociedad de Educaci\u00f3n Contraceptiva y Sexual y El Centro de Informaci\u00f3n de la Uni\u00f3n Europea.<\/p>\n\n\n\n<p>Para tener acceso al documento original en rumano, pincha\u00a0<a href=\"https:\/\/promedico.es\/wp-content\/uploads\/2023\/11\/maternidad.pdf\" data-type=\"link\" data-id=\"https:\/\/promedico.es\/wp-content\/uploads\/2023\/11\/maternidad.pdf\">aqu\u00ed<\/a><\/p>\n","protected":false},"excerpt":{"rendered":"<p>RESUMEN Del proyecto de fin de master titulado Perspectivas actuales sobre la maternidad en Ruman\u00eda El tema que he elegido para este proyecto se ha relacionado mucho tiempo con mis&hellip;<\/p>\n","protected":false},"author":2,"featured_media":0,"parent":0,"menu_order":0,"comment_status":"closed","ping_status":"closed","template":"","meta":{"footnotes":""},"class_list":["post-182","page","type-page","status-publish","hentry"],"_links":{"self":[{"href":"https:\/\/promedico.es\/index.php?rest_route=\/wp\/v2\/pages\/182","targetHints":{"allow":["GET"]}}],"collection":[{"href":"https:\/\/promedico.es\/index.php?rest_route=\/wp\/v2\/pages"}],"about":[{"href":"https:\/\/promedico.es\/index.php?rest_route=\/wp\/v2\/types\/page"}],"author":[{"embeddable":true,"href":"https:\/\/promedico.es\/index.php?rest_route=\/wp\/v2\/users\/2"}],"replies":[{"embeddable":true,"href":"https:\/\/promedico.es\/index.php?rest_route=%2Fwp%2Fv2%2Fcomments&post=182"}],"version-history":[{"count":1,"href":"https:\/\/promedico.es\/index.php?rest_route=\/wp\/v2\/pages\/182\/revisions"}],"predecessor-version":[{"id":185,"href":"https:\/\/promedico.es\/index.php?rest_route=\/wp\/v2\/pages\/182\/revisions\/185"}],"wp:attachment":[{"href":"https:\/\/promedico.es\/index.php?rest_route=%2Fwp%2Fv2%2Fmedia&parent=182"}],"curies":[{"name":"wp","href":"https:\/\/api.w.org\/{rel}","templated":true}]}}