{"id":177,"date":"2023-11-20T23:17:17","date_gmt":"2023-11-20T23:17:17","guid":{"rendered":"https:\/\/promedico.es\/?page_id=177"},"modified":"2023-11-20T23:17:17","modified_gmt":"2023-11-20T23:17:17","slug":"la-triquinosis-una-enfermedad-de-evolucion-en-foco","status":"publish","type":"page","link":"https:\/\/promedico.es\/?page_id=177","title":{"rendered":"La triquinosis, una enfermedad de evoluci\u00f3n en foco"},"content":{"rendered":"\n<p><strong>RESUMEN<\/strong><\/p>\n\n\n\n<p><strong>Del proyecto de fin de carrera titulado La triquinosis, una enfermedad de evoluci\u00f3n en foco<\/strong><\/p>\n\n\n\n<p>El presente proyecto pone en el centro de la discusi\u00f3n la triquinosis como enfermedad parasitaria de evoluci\u00f3n en foco e intenta subrayar algunos aspectos y caracter\u00edsticas particulares de esta enfermedad.<\/p>\n\n\n\n<p>Los dos grandes componentes del proyecto ponen a disposici\u00f3n por un lado el contexto te\u00f3rico relacionado con el parasito y la enfermedad y por el otro lado un estudio individual realizado a partir de las hojas de seguimiento de los Archivos del Instituto de Enfermedades Infecciosas Matei Bals, de Bucarest.<\/p>\n\n\n\n<p>La parte te\u00f3rica re\u00fane datos sobre el agente pat\u00f3geno Trichinella spiralis,aportando informaci\u00f3n actualizada sobre la morfolog\u00eda, el ciclo de vida y la taxonom\u00eda, refiri\u00e9ndose los dem\u00e1s cap\u00edtulos a la enfermedad en s\u00ed, tratando sobre datos de epidemiolog\u00eda, patogenia, fisiopatolog\u00eda, cl\u00ednica, diagnostico y tratamiento. Como elementos de novedad he incluido tanto im\u00e1genes de inmunohistoqu\u00edmica y de microscop\u00eda electr\u00f3nica sobre la morfolog\u00eda del parasito, como una presentaci\u00f3n m\u00e1s amplia de la as\u00ed &#8211; denominada c\u00e9lula \u2013 ni\u00f1era, un concepto introducido m\u00e1s recientemente en la fisiopatolog\u00eda de la enfermedad.<\/p>\n\n\n\n<p>La parte especial se basa en un estudio retrospectivo a partir de las hojas de seguimiento de los pacientes, que se encuentran en los Archivos del Instituto de Enfermedades Infecciosas Matei Bals. El estudio incluye los 247 pacientes ingresados en el periodo Agosto de 2000 \u2013 Julio de 2001, de los cuales 33 eran ni\u00f1os y 214 adultos, encontr\u00e1ndose todos los datos recogidos en los ap\u00e9ndices 1 y 2.<\/p>\n\n\n\n<p>Las conclusiones del estudio han sido elaboradas por criterios epidemiol\u00f3gicos, cl\u00ednicos, paracl\u00ednicos y terap\u00e9uticos. El estudio demostr\u00f3 que la manera de evoluci\u00f3n en foco de la enfermedad es la regla, ya que el 82% de los casos pertenecen a focos familiares, en este porcentaje siendo incluidos los 33 ni\u00f1os ingresados.<\/p>\n\n\n\n<p>El proyecto contiene tambi\u00e9n cuatro ap\u00e9ndices y la bibliograf\u00eda que incluye m\u00e1s de 70 t\u00edtulos de la literatura de especialidad, rumana y extranjera, la mayor\u00eda de ellos representando referencias de los \u00faltimos diez a\u00f1os.<\/p>\n\n\n\n<p>La realizaci\u00f3n de este proyecto ha sido posible por el apoyo del personal de los Archivos del Instituto de Enfermedades Infecciosas Matei Bals y del Centro de Documentaci\u00f3n M\u00e9dica, bajo la coordinaci\u00f3n cient\u00edfica de Dr. Dan Steriu.<\/p>\n\n\n\n<p>Para tener acceso al documento original en rumano, pincha abajo<\/p>\n\n\n\n<p><a href=\"https:\/\/promedico.es\/wp-content\/uploads\/2023\/11\/trichineloza-1.pdf\" data-type=\"link\" data-id=\"https:\/\/promedico.es\/wp-content\/uploads\/2023\/11\/trichineloza-1.pdf\">La triquinosis, una enfermedad de evoluci\u00f3n en foco (.pdf)<\/a><\/p>\n","protected":false},"excerpt":{"rendered":"<p>RESUMEN Del proyecto de fin de carrera titulado La triquinosis, una enfermedad de evoluci\u00f3n en foco El presente proyecto pone en el centro de la discusi\u00f3n la triquinosis como enfermedad&hellip;<\/p>\n","protected":false},"author":2,"featured_media":0,"parent":0,"menu_order":0,"comment_status":"closed","ping_status":"closed","template":"","meta":{"footnotes":""},"class_list":["post-177","page","type-page","status-publish","hentry"],"_links":{"self":[{"href":"https:\/\/promedico.es\/index.php?rest_route=\/wp\/v2\/pages\/177","targetHints":{"allow":["GET"]}}],"collection":[{"href":"https:\/\/promedico.es\/index.php?rest_route=\/wp\/v2\/pages"}],"about":[{"href":"https:\/\/promedico.es\/index.php?rest_route=\/wp\/v2\/types\/page"}],"author":[{"embeddable":true,"href":"https:\/\/promedico.es\/index.php?rest_route=\/wp\/v2\/users\/2"}],"replies":[{"embeddable":true,"href":"https:\/\/promedico.es\/index.php?rest_route=%2Fwp%2Fv2%2Fcomments&post=177"}],"version-history":[{"count":1,"href":"https:\/\/promedico.es\/index.php?rest_route=\/wp\/v2\/pages\/177\/revisions"}],"predecessor-version":[{"id":180,"href":"https:\/\/promedico.es\/index.php?rest_route=\/wp\/v2\/pages\/177\/revisions\/180"}],"wp:attachment":[{"href":"https:\/\/promedico.es\/index.php?rest_route=%2Fwp%2Fv2%2Fmedia&parent=177"}],"curies":[{"name":"wp","href":"https:\/\/api.w.org\/{rel}","templated":true}]}}